{"id":450,"date":"2023-03-28T18:42:00","date_gmt":"2023-03-28T16:42:00","guid":{"rendered":"https:\/\/www.laconsultoriadeasturias.es\/?page_id=450"},"modified":"2023-10-19T20:17:16","modified_gmt":"2023-10-19T18:17:16","slug":"consultoria","status":"publish","type":"page","link":"https:\/\/www.laconsultoriadeasturias.es\/en\/consultancy\/","title":{"rendered":"Consultancy"},"content":{"rendered":"<div data-elementor-type=\"wp-page\" data-elementor-id=\"450\" class=\"elementor elementor-450\" data-elementor-post-type=\"page\">\n\t\t\t\t\t\t<section class=\"elementor-section elementor-top-section elementor-element elementor-element-e0a47da elementor-section-full_width elementor-section-height-default elementor-section-height-default\" data-id=\"e0a47da\" data-element_type=\"section\">\n\t\t\t\t\t\t<div class=\"elementor-container elementor-column-gap-default\">\n\t\t\t\t\t<div class=\"elementor-column elementor-col-100 elementor-top-column elementor-element elementor-element-82494c7\" data-id=\"82494c7\" data-element_type=\"column\">\n\t\t\t<div class=\"elementor-widget-wrap elementor-element-populated\">\n\t\t\t\t\t\t<div class=\"elementor-element elementor-element-25bf377 elementor-widget__width-auto elementor-mobile-align-center elementor-widget-mobile__width-auto elementor-widget elementor-widget-breadcrumbs\" data-id=\"25bf377\" data-element_type=\"widget\" data-widget_type=\"breadcrumbs.default\">\n\t\t\t\t<div class=\"elementor-widget-container\">\n\t\t\t\t\t<p id=\"breadcrumbs\"><span><span><a href=\"https:\/\/www.laconsultoriadeasturias.es\/en\">Start<\/a><\/span><\/span><\/p>\t\t\t\t<\/div>\n\t\t\t\t<\/div>\n\t\t\t\t<div class=\"elementor-element elementor-element-5995fcb elementor-invisible elementor-widget elementor-widget-heading\" data-id=\"5995fcb\" data-element_type=\"widget\" data-settings=\"{&quot;_animation&quot;:&quot;fadeInUp&quot;}\" data-widget_type=\"heading.default\">\n\t\t\t\t<div class=\"elementor-widget-container\">\n\t\t\t\t\t<h1 class=\"elementor-heading-title elementor-size-default\">Consultancy<\/h1>\t\t\t\t<\/div>\n\t\t\t\t<\/div>\n\t\t\t\t<div class=\"elementor-element elementor-element-51bef85 elementor-widget-divider--view-line elementor-widget elementor-widget-divider\" data-id=\"51bef85\" data-element_type=\"widget\" data-widget_type=\"divider.default\">\n\t\t\t\t<div class=\"elementor-widget-container\">\n\t\t\t\t\t\t\t<div class=\"elementor-divider\">\n\t\t\t<span class=\"elementor-divider-separator\">\n\t\t\t\t\t\t<\/span>\n\t\t<\/div>\n\t\t\t\t\t\t<\/div>\n\t\t\t\t<\/div>\n\t\t\t\t\t<\/div>\n\t\t<\/div>\n\t\t\t\t\t<\/div>\n\t\t<\/section>\n\t\t\t\t<section class=\"elementor-section elementor-top-section elementor-element elementor-element-5693885 elementor-section-boxed elementor-section-height-default elementor-section-height-default\" data-id=\"5693885\" data-element_type=\"section\">\n\t\t\t\t\t\t<div class=\"elementor-container elementor-column-gap-default\">\n\t\t\t\t\t<div class=\"elementor-column elementor-col-50 elementor-top-column elementor-element elementor-element-14a4ebd elementor-invisible\" data-id=\"14a4ebd\" data-element_type=\"column\" data-settings=\"{&quot;animation&quot;:&quot;fadeInLeft&quot;}\">\n\t\t\t<div class=\"elementor-widget-wrap elementor-element-populated\">\n\t\t\t\t\t\t<div class=\"elementor-element elementor-element-697a60e elementor-widget elementor-widget-heading\" data-id=\"697a60e\" data-element_type=\"widget\" data-widget_type=\"heading.default\">\n\t\t\t\t<div class=\"elementor-widget-container\">\n\t\t\t\t\t<h2 class=\"elementor-heading-title elementor-size-default\">Why book a consultation?<\/h2>\t\t\t\t<\/div>\n\t\t\t\t<\/div>\n\t\t\t\t<div class=\"elementor-element elementor-element-0ea6339 elementor-widget elementor-widget-text-editor\" data-id=\"0ea6339\" data-element_type=\"widget\" data-widget_type=\"text-editor.default\">\n\t\t\t\t<div class=\"elementor-widget-container\">\n\t\t\t\t\t\t\t\t\t<p class=\"p1\">To streamline the process and ensure you receive the care you deserve, we offer you the option of<b> book a consultation with our team <\/b><b>experts<\/b>.<\/p>\t\t\t\t\t\t\t\t<\/div>\n\t\t\t\t<\/div>\n\t\t\t\t<div class=\"elementor-element elementor-element-fd3f9e8 elementor-position-left elementor-view-default elementor-mobile-position-top elementor-vertical-align-top elementor-widget elementor-widget-icon-box\" data-id=\"fd3f9e8\" data-element_type=\"widget\" data-widget_type=\"icon-box.default\">\n\t\t\t\t<div class=\"elementor-widget-container\">\n\t\t\t\t\t\t\t<div class=\"elementor-icon-box-wrapper\">\n\n\t\t\t\t\t\t<div class=\"elementor-icon-box-icon\">\n\t\t\t\t<span  class=\"elementor-icon elementor-animation-shrink\">\n\t\t\t\t<i aria-hidden=\"true\" class=\"fas fa-people-arrows\"><\/i>\t\t\t\t<\/span>\n\t\t\t<\/div>\n\t\t\t\n\t\t\t\t\t\t<div class=\"elementor-icon-box-content\">\n\n\t\t\t\t\t\t\t\t\t<h3 class=\"elementor-icon-box-title\">\n\t\t\t\t\t\t<span  >\n\t\t\t\t\t\t\tPersonalized advice\t\t\t\t\t\t<\/span>\n\t\t\t\t\t<\/h3>\n\t\t\t\t\n\t\t\t\t\t\t\t\t\t<p class=\"elementor-icon-box-description\">\n\t\t\t\t\t\tOur team of energy consultants will provide you with individualized advice, taking into account your specific needs.\t\t\t\t\t<\/p>\n\t\t\t\t\n\t\t\t<\/div>\n\t\t\t\n\t\t<\/div>\n\t\t\t\t\t\t<\/div>\n\t\t\t\t<\/div>\n\t\t\t\t<div class=\"elementor-element elementor-element-cbbfa1e elementor-position-left elementor-view-default elementor-mobile-position-top elementor-vertical-align-top elementor-widget elementor-widget-icon-box\" data-id=\"cbbfa1e\" data-element_type=\"widget\" data-widget_type=\"icon-box.default\">\n\t\t\t\t<div class=\"elementor-widget-container\">\n\t\t\t\t\t\t\t<div class=\"elementor-icon-box-wrapper\">\n\n\t\t\t\t\t\t<div class=\"elementor-icon-box-icon\">\n\t\t\t\t<span  class=\"elementor-icon elementor-animation-shrink\">\n\t\t\t\t<i aria-hidden=\"true\" class=\"fas fa-search-plus\"><\/i>\t\t\t\t<\/span>\n\t\t\t<\/div>\n\t\t\t\n\t\t\t\t\t\t<div class=\"elementor-icon-box-content\">\n\n\t\t\t\t\t\t\t\t\t<h3 class=\"elementor-icon-box-title\">\n\t\t\t\t\t\t<span  >\n\t\t\t\t\t\t\tDetailed analysis\t\t\t\t\t\t<\/span>\n\t\t\t\t\t<\/h3>\n\t\t\t\t\n\t\t\t\t\t\t\t\t\t<p class=\"elementor-icon-box-description\">\n\t\t\t\t\t\tDuring the consultation, we will carry out a detailed analysis of your consumption, to evaluate possible savings and optimize your energy use.\t\t\t\t\t<\/p>\n\t\t\t\t\n\t\t\t<\/div>\n\t\t\t\n\t\t<\/div>\n\t\t\t\t\t\t<\/div>\n\t\t\t\t<\/div>\n\t\t\t\t<div class=\"elementor-element elementor-element-143409f elementor-position-left elementor-view-default elementor-mobile-position-top elementor-vertical-align-top elementor-widget elementor-widget-icon-box\" data-id=\"143409f\" data-element_type=\"widget\" data-widget_type=\"icon-box.default\">\n\t\t\t\t<div class=\"elementor-widget-container\">\n\t\t\t\t\t\t\t<div class=\"elementor-icon-box-wrapper\">\n\n\t\t\t\t\t\t<div class=\"elementor-icon-box-icon\">\n\t\t\t\t<span  class=\"elementor-icon elementor-animation-shrink\">\n\t\t\t\t<i aria-hidden=\"true\" class=\"fas fa-crosshairs\"><\/i>\t\t\t\t<\/span>\n\t\t\t<\/div>\n\t\t\t\n\t\t\t\t\t\t<div class=\"elementor-icon-box-content\">\n\n\t\t\t\t\t\t\t\t\t<h3 class=\"elementor-icon-box-title\">\n\t\t\t\t\t\t<span  >\n\t\t\t\t\t\t\tCustomized solutions\t\t\t\t\t\t<\/span>\n\t\t\t\t\t<\/h3>\n\t\t\t\t\n\t\t\t\t\t\t\t\t\t<p class=\"elementor-icon-box-description\">\n\t\t\t\t\t\tBased on the results of our analysis, we will offer you tailored solutions, our main objective is to help you reduce energy costs in the long term.\t\t\t\t\t<\/p>\n\t\t\t\t\n\t\t\t<\/div>\n\t\t\t\n\t\t<\/div>\n\t\t\t\t\t\t<\/div>\n\t\t\t\t<\/div>\n\t\t\t\t\t<\/div>\n\t\t<\/div>\n\t\t\t\t<div class=\"elementor-column elementor-col-50 elementor-top-column elementor-element elementor-element-70da66c elementor-invisible\" data-id=\"70da66c\" data-element_type=\"column\" data-settings=\"{&quot;background_background&quot;:&quot;classic&quot;,&quot;animation&quot;:&quot;fadeInRight&quot;}\">\n\t\t\t<div class=\"elementor-widget-wrap elementor-element-populated\">\n\t\t\t\t\t\t<div class=\"elementor-element elementor-element-0cfc476 elementor-widget elementor-widget-spacer\" data-id=\"0cfc476\" data-element_type=\"widget\" data-widget_type=\"spacer.default\">\n\t\t\t\t<div class=\"elementor-widget-container\">\n\t\t\t\t\t\t\t<div class=\"elementor-spacer\">\n\t\t\t<div class=\"elementor-spacer-inner\"><\/div>\n\t\t<\/div>\n\t\t\t\t\t\t<\/div>\n\t\t\t\t<\/div>\n\t\t\t\t\t<\/div>\n\t\t<\/div>\n\t\t\t\t\t<\/div>\n\t\t<\/section>\n\t\t\t\t<section class=\"elementor-section elementor-top-section elementor-element elementor-element-3d116cc elementor-section-full_width elementor-section-height-default elementor-section-height-default\" data-id=\"3d116cc\" data-element_type=\"section\">\n\t\t\t\t\t\t<div class=\"elementor-container elementor-column-gap-default\">\n\t\t\t\t\t<div class=\"elementor-column elementor-col-100 elementor-top-column elementor-element elementor-element-596967e\" data-id=\"596967e\" data-element_type=\"column\">\n\t\t\t<div class=\"elementor-widget-wrap elementor-element-populated\">\n\t\t\t\t\t\t<div class=\"elementor-element elementor-element-637351b elementor-invisible elementor-widget elementor-widget-heading\" data-id=\"637351b\" data-element_type=\"widget\" data-settings=\"{&quot;_animation&quot;:&quot;fadeInUp&quot;}\" data-widget_type=\"heading.default\">\n\t\t\t\t<div class=\"elementor-widget-container\">\n\t\t\t\t\t<h1 class=\"elementor-heading-title elementor-size-default\">Book your consultation now<\/h1>\t\t\t\t<\/div>\n\t\t\t\t<\/div>\n\t\t\t\t<div class=\"elementor-element elementor-element-83f4160 elementor-widget-divider--view-line elementor-widget elementor-widget-divider\" data-id=\"83f4160\" data-element_type=\"widget\" data-widget_type=\"divider.default\">\n\t\t\t\t<div class=\"elementor-widget-container\">\n\t\t\t\t\t\t\t<div class=\"elementor-divider\">\n\t\t\t<span class=\"elementor-divider-separator\">\n\t\t\t\t\t\t<\/span>\n\t\t<\/div>\n\t\t\t\t\t\t<\/div>\n\t\t\t\t<\/div>\n\t\t\t\t\t<\/div>\n\t\t<\/div>\n\t\t\t\t\t<\/div>\n\t\t<\/section>\n\t\t\t\t<section class=\"elementor-section elementor-top-section elementor-element elementor-element-e131e7d elementor-section-boxed elementor-section-height-default elementor-section-height-default\" data-id=\"e131e7d\" data-element_type=\"section\">\n\t\t\t\t\t\t<div class=\"elementor-container elementor-column-gap-default\">\n\t\t\t\t\t<div class=\"elementor-column elementor-col-100 elementor-top-column elementor-element elementor-element-748eb1c\" data-id=\"748eb1c\" data-element_type=\"column\">\n\t\t\t<div class=\"elementor-widget-wrap elementor-element-populated\">\n\t\t\t\t\t\t<div class=\"elementor-element elementor-element-28e5fdb elementor-button-align-stretch elementor-widget elementor-widget-form\" data-id=\"28e5fdb\" data-element_type=\"widget\" data-settings=\"{&quot;step_next_label&quot;:&quot;Siguiente&quot;,&quot;step_previous_label&quot;:&quot;Anterior&quot;,&quot;button_width&quot;:&quot;100&quot;,&quot;step_type&quot;:&quot;number_text&quot;,&quot;step_icon_shape&quot;:&quot;circle&quot;}\" data-widget_type=\"form.default\">\n\t\t\t\t<div class=\"elementor-widget-container\">\n\t\t\t\t\t\t\t<form class=\"elementor-form\" method=\"post\" name=\"Nuevo formulario\" action=\"\">\n\t\t\t<input type=\"hidden\" name=\"post_id\" value=\"450\"\/>\n\t\t\t<input type=\"hidden\" name=\"form_id\" value=\"28e5fdb\"\/>\n\t\t\t<input type=\"hidden\" name=\"referer_title\" value=\"La consultor\u00eda de Asturias\" \/>\n\n\t\t\t\n\t\t\t<div class=\"elementor-form-fields-wrapper elementor-labels-above\">\n\t\t\t\t\t\t\t\t<div class=\"elementor-field-type-text elementor-field-group elementor-column elementor-field-group-name elementor-col-100\">\n\t\t\t\t\t\t\t\t\t\t\t\t<label for=\"form-field-name\" class=\"elementor-field-label\">\n\t\t\t\t\t\t\t\tName\t\t\t\t\t\t\t<\/label>\n\t\t\t\t\t\t\t\t\t\t\t\t\t\t<input size=\"1\" type=\"text\" name=\"form_fields[name]\" id=\"form-field-name\" class=\"elementor-field elementor-size-sm  elementor-field-textual\">\n\t\t\t\t\t\t\t\t\t\t\t<\/div>\n\t\t\t\t\t\t\t\t<div class=\"elementor-field-type-email elementor-field-group elementor-column elementor-field-group-email elementor-col-100 elementor-field-required elementor-mark-required\">\n\t\t\t\t\t\t\t\t\t\t\t\t<label for=\"form-field-email\" class=\"elementor-field-label\">\n\t\t\t\t\t\t\t\tEmail\t\t\t\t\t\t\t<\/label>\n\t\t\t\t\t\t\t\t\t\t\t\t\t\t<input size=\"1\" type=\"email\" name=\"form_fields[email]\" id=\"form-field-email\" class=\"elementor-field elementor-size-sm  elementor-field-textual\" required=\"required\">\n\t\t\t\t\t\t\t\t\t\t\t<\/div>\n\t\t\t\t\t\t\t\t<div class=\"elementor-field-type-tel elementor-field-group elementor-column elementor-field-group-field_e2aded7 elementor-col-100 elementor-field-required elementor-mark-required\">\n\t\t\t\t\t\t\t\t\t\t\t\t<label for=\"form-field-field_e2aded7\" class=\"elementor-field-label\">\n\t\t\t\t\t\t\t\tMobile phone\t\t\t\t\t\t\t<\/label>\n\t\t\t\t\t\t\t\t<input size=\"1\" type=\"tel\" name=\"form_fields[field_e2aded7]\" id=\"form-field-field_e2aded7\" class=\"elementor-field elementor-size-sm  elementor-field-textual\" required=\"required\" pattern=\"[0-9()#&amp;+*-=.]+\" title=\"Only numbers and phone characters (#, -, *, etc) are accepted.\">\n\n\t\t\t\t\t\t<\/div>\n\t\t\t\t\t\t\t\t<div class=\"elementor-field-type-date elementor-field-group elementor-column elementor-field-group-field_f712a87 elementor-col-50\">\n\t\t\t\t\t\t\t\t\t\t\t\t<label for=\"form-field-field_f712a87\" class=\"elementor-field-label\">\n\t\t\t\t\t\t\t\tDate\t\t\t\t\t\t\t<\/label>\n\t\t\t\t\t\t\n\t\t<input type=\"date\" name=\"form_fields[field_f712a87]\" id=\"form-field-field_f712a87\" class=\"elementor-field elementor-size-sm  elementor-field-textual elementor-date-field elementor-use-native\" pattern=\"[0-9]{4}-[0-9]{2}-[0-9]{2}\">\n\t\t\t\t\t\t<\/div>\n\t\t\t\t\t\t\t\t<div class=\"elementor-field-type-time elementor-field-group elementor-column elementor-field-group-field_485b98a elementor-col-50 elementor-field-required elementor-mark-required\">\n\t\t\t\t\t\t\t\t\t\t\t\t<label for=\"form-field-field_485b98a\" class=\"elementor-field-label\">\n\t\t\t\t\t\t\t\tHour\t\t\t\t\t\t\t<\/label>\n\t\t\t\t\t\t\t\t<input type=\"time\" name=\"form_fields[field_485b98a]\" id=\"form-field-field_485b98a\" class=\"elementor-field elementor-size-sm  elementor-field-textual elementor-time-field\" required=\"required\">\n\t\t\t\t\t\t<\/div>\n\t\t\t\t\t\t\t\t<div class=\"elementor-field-type-checkbox elementor-field-group elementor-column elementor-field-group-field_057be93 elementor-col-50\">\n\t\t\t\t\t<div class=\"elementor-field-subgroup\"><span class=\"elementor-field-option\"><input type=\"checkbox\" value=\"Acepto que &quot;La consultor\u00eda de Asturias&quot; se ponga en contacto conmigo en cumplimiento con los t\u00e9rminos del servicio\" id=\"form-field-field_057be93-0\" name=\"form_fields[field_057be93]\"> <label for=\"form-field-field_057be93-0\">I accept that &quot;Asturias Consulting&quot; contacts me in compliance with the terms of service<\/label><\/span><\/div>\t\t\t\t<\/div>\n\t\t\t\t\t\t\t\t<div class=\"elementor-field-type-recaptcha_v3 elementor-field-group elementor-column elementor-field-group-field_3246eb1 elementor-col-100 recaptcha_v3-bottomright\">\n\t\t\t\t\t<div class=\"elementor-field\" id=\"form-field-field_3246eb1\"><div class=\"elementor-g-recaptcha\" data-sitekey=\"6Le5UrQoAAAAAOn_Q_4X6QkC_0y8sVYtDyrvOupk\" data-type=\"v3\" data-action=\"Form\" data-badge=\"bottomright\" data-size=\"invisible\"><\/div><\/div>\t\t\t\t<\/div>\n\t\t\t\t\t\t\t\t<div class=\"elementor-field-group elementor-column elementor-field-type-submit elementor-col-100 e-form__buttons\">\n\t\t\t\t\t<button class=\"elementor-button elementor-size-sm\" type=\"submit\">\n\t\t\t\t\t\t<span class=\"elementor-button-content-wrapper\">\n\t\t\t\t\t\t\t\t\t\t\t\t\t\t\t\t\t\t\t\t\t\t<span class=\"elementor-button-text\">Send<\/span>\n\t\t\t\t\t\t\t\t\t\t\t\t\t<\/span>\n\t\t\t\t\t<\/button>\n\t\t\t\t<\/div>\n\t\t\t<\/div>\n\t\t<input type=\"hidden\" name=\"trp-form-language\" value=\"en\"\/><\/form>\n\t\t\t\t\t\t<\/div>\n\t\t\t\t<\/div>\n\t\t\t\t\t<\/div>\n\t\t<\/div>\n\t\t\t\t\t<\/div>\n\t\t<\/section>\n\t\t\t\t<\/div>","protected":false},"excerpt":{"rendered":"<p>Consulting Why book a consultation? To streamline the process and ensure you receive the care you deserve, we offer you the option to book a consultation with our team of experts. Personalized advice Our team of energy consultants will provide you with individualized advice, taking into account your specific needs. Detailed analysis During the consultation, we will carry out a [\u2026]<\/p>","protected":false},"author":4,"featured_media":1335,"parent":0,"menu_order":5,"comment_status":"closed","ping_status":"closed","template":"elementor_header_footer","meta":{"_joinchat":[],"footnotes":""},"class_list":["post-450","page","type-page","status-publish","has-post-thumbnail","hentry"],"yoast_head":"<!-- This site is optimized with the Yoast SEO plugin v24.4 - https:\/\/yoast.com\/wordpress\/plugins\/seo\/ -->\n<title>Consultoria | La consultor\u00eda de Asturias<\/title>\n<meta name=\"description\" content=\"Queremos que nos conozcas mejor, as\u00ed que explora esta secci\u00f3n y si\u00e9ntete libre de contactarnos y preguntarnos tus dudas.\" \/>\n<meta name=\"robots\" content=\"index, follow, max-snippet:-1, max-image-preview:large, max-video-preview:-1\" \/>\n<link rel=\"canonical\" href=\"https:\/\/www.laconsultoriadeasturias.es\/en\/consultancy\/\" \/>\n<meta property=\"og:locale\" content=\"en_US\" \/>\n<meta property=\"og:type\" content=\"article\" \/>\n<meta property=\"og:title\" content=\"Consultoria | La consultor\u00eda de Asturias\" \/>\n<meta property=\"og:description\" content=\"Queremos que nos conozcas mejor, as\u00ed que explora esta secci\u00f3n y si\u00e9ntete libre de contactarnos y preguntarnos tus dudas.\" \/>\n<meta property=\"og:url\" content=\"https:\/\/www.laconsultoriadeasturias.es\/en\/consultancy\/\" \/>\n<meta property=\"og:site_name\" content=\"La consultor\u00eda de Asturias\" \/>\n<meta property=\"article:modified_time\" content=\"2023-10-19T18:17:16+00:00\" \/>\n<meta property=\"og:image\" content=\"https:\/\/www.laconsultoriadeasturias.es\/wp-content\/uploads\/2023\/10\/beautiful-woman-talking-on-phone-in-restaurant-2022-02-02-04-50-12-utc-1-scaled.jpg\" \/>\n\t<meta property=\"og:image:width\" content=\"2276\" \/>\n\t<meta property=\"og:image:height\" content=\"1200\" \/>\n\t<meta property=\"og:image:type\" content=\"image\/jpeg\" \/>\n<meta name=\"twitter:card\" content=\"summary_large_image\" \/>\n<script type=\"application\/ld+json\" class=\"yoast-schema-graph\">{\"@context\":\"https:\/\/schema.org\",\"@graph\":[{\"@type\":\"WebPage\",\"@id\":\"https:\/\/www.laconsultoriadeasturias.es\/consultoria\/\",\"url\":\"https:\/\/www.laconsultoriadeasturias.es\/consultoria\/\",\"name\":\"Consultoria | La consultor\u00eda de Asturias\",\"isPartOf\":{\"@id\":\"https:\/\/www.laconsultoriadeasturias.es\/#website\"},\"primaryImageOfPage\":{\"@id\":\"https:\/\/www.laconsultoriadeasturias.es\/consultoria\/#primaryimage\"},\"image\":{\"@id\":\"https:\/\/www.laconsultoriadeasturias.es\/consultoria\/#primaryimage\"},\"thumbnailUrl\":\"https:\/\/www.laconsultoriadeasturias.es\/wp-content\/uploads\/2023\/10\/beautiful-woman-talking-on-phone-in-restaurant-2022-02-02-04-50-12-utc-1-scaled.jpg\",\"datePublished\":\"2023-03-28T16:42:00+00:00\",\"dateModified\":\"2023-10-19T18:17:16+00:00\",\"description\":\"Queremos que nos conozcas mejor, as\u00ed que explora esta secci\u00f3n y si\u00e9ntete libre de contactarnos y preguntarnos tus dudas.\",\"breadcrumb\":{\"@id\":\"https:\/\/www.laconsultoriadeasturias.es\/consultoria\/#breadcrumb\"},\"inLanguage\":\"en-US\",\"potentialAction\":[{\"@type\":\"ReadAction\",\"target\":[\"https:\/\/www.laconsultoriadeasturias.es\/consultoria\/\"]}]},{\"@type\":\"ImageObject\",\"inLanguage\":\"en-US\",\"@id\":\"https:\/\/www.laconsultoriadeasturias.es\/consultoria\/#primaryimage\",\"url\":\"https:\/\/www.laconsultoriadeasturias.es\/wp-content\/uploads\/2023\/10\/beautiful-woman-talking-on-phone-in-restaurant-2022-02-02-04-50-12-utc-1-scaled.jpg\",\"contentUrl\":\"https:\/\/www.laconsultoriadeasturias.es\/wp-content\/uploads\/2023\/10\/beautiful-woman-talking-on-phone-in-restaurant-2022-02-02-04-50-12-utc-1-scaled.jpg\",\"width\":2276,\"height\":1200,\"caption\":\"Attractive and beautiful woman talking on phone in restaurant\"},{\"@type\":\"BreadcrumbList\",\"@id\":\"https:\/\/www.laconsultoriadeasturias.es\/consultoria\/#breadcrumb\",\"itemListElement\":[{\"@type\":\"ListItem\",\"position\":1,\"name\":\"Inicio\",\"item\":\"https:\/\/www.laconsultoriadeasturias.es\/\"},{\"@type\":\"ListItem\",\"position\":2,\"name\":\"Consultoria\"}]},{\"@type\":\"WebSite\",\"@id\":\"https:\/\/www.laconsultoriadeasturias.es\/#website\",\"url\":\"https:\/\/www.laconsultoriadeasturias.es\/\",\"name\":\"La consultor\u00eda de Asturias\",\"description\":\"Tu energia al mejor precio\",\"publisher\":{\"@id\":\"https:\/\/www.laconsultoriadeasturias.es\/#organization\"},\"potentialAction\":[{\"@type\":\"SearchAction\",\"target\":{\"@type\":\"EntryPoint\",\"urlTemplate\":\"https:\/\/www.laconsultoriadeasturias.es\/?s={search_term_string}\"},\"query-input\":{\"@type\":\"PropertyValueSpecification\",\"valueRequired\":true,\"valueName\":\"search_term_string\"}}],\"inLanguage\":\"en-US\"},{\"@type\":\"Organization\",\"@id\":\"https:\/\/www.laconsultoriadeasturias.es\/#organization\",\"name\":\"La consultor\u00eda de Asturias\",\"url\":\"https:\/\/www.laconsultoriadeasturias.es\/\",\"logo\":{\"@type\":\"ImageObject\",\"inLanguage\":\"en-US\",\"@id\":\"https:\/\/www.laconsultoriadeasturias.es\/#\/schema\/logo\/image\/\",\"url\":\"https:\/\/www.laconsultoriadeasturias.es\/wp-content\/uploads\/2023\/03\/logo-consultoria.svg\",\"contentUrl\":\"https:\/\/www.laconsultoriadeasturias.es\/wp-content\/uploads\/2023\/03\/logo-consultoria.svg\",\"width\":756,\"height\":691,\"caption\":\"La consultor\u00eda de Asturias\"},\"image\":{\"@id\":\"https:\/\/www.laconsultoriadeasturias.es\/#\/schema\/logo\/image\/\"}}]}<\/script>\n<!-- \/ Yoast SEO plugin. -->","yoast_head_json":{"title":"Consultoria | La consultor\u00eda de Asturias","description":"Queremos que nos conozcas mejor, as\u00ed que explora esta secci\u00f3n y si\u00e9ntete libre de contactarnos y preguntarnos tus dudas.","robots":{"index":"index","follow":"follow","max-snippet":"max-snippet:-1","max-image-preview":"max-image-preview:large","max-video-preview":"max-video-preview:-1"},"canonical":"https:\/\/www.laconsultoriadeasturias.es\/en\/consultancy\/","og_locale":"en_US","og_type":"article","og_title":"Consultoria | La consultor\u00eda de Asturias","og_description":"Queremos que nos conozcas mejor, as\u00ed que explora esta secci\u00f3n y si\u00e9ntete libre de contactarnos y preguntarnos tus dudas.","og_url":"https:\/\/www.laconsultoriadeasturias.es\/en\/consultancy\/","og_site_name":"La consultor\u00eda de Asturias","article_modified_time":"2023-10-19T18:17:16+00:00","og_image":[{"width":2276,"height":1200,"url":"https:\/\/www.laconsultoriadeasturias.es\/wp-content\/uploads\/2023\/10\/beautiful-woman-talking-on-phone-in-restaurant-2022-02-02-04-50-12-utc-1-scaled.jpg","type":"image\/jpeg"}],"twitter_card":"summary_large_image","schema":{"@context":"https:\/\/schema.org","@graph":[{"@type":"WebPage","@id":"https:\/\/www.laconsultoriadeasturias.es\/consultoria\/","url":"https:\/\/www.laconsultoriadeasturias.es\/consultoria\/","name":"Consultoria | La consultor\u00eda de Asturias","isPartOf":{"@id":"https:\/\/www.laconsultoriadeasturias.es\/#website"},"primaryImageOfPage":{"@id":"https:\/\/www.laconsultoriadeasturias.es\/consultoria\/#primaryimage"},"image":{"@id":"https:\/\/www.laconsultoriadeasturias.es\/consultoria\/#primaryimage"},"thumbnailUrl":"https:\/\/www.laconsultoriadeasturias.es\/wp-content\/uploads\/2023\/10\/beautiful-woman-talking-on-phone-in-restaurant-2022-02-02-04-50-12-utc-1-scaled.jpg","datePublished":"2023-03-28T16:42:00+00:00","dateModified":"2023-10-19T18:17:16+00:00","description":"Queremos que nos conozcas mejor, as\u00ed que explora esta secci\u00f3n y si\u00e9ntete libre de contactarnos y preguntarnos tus dudas.","breadcrumb":{"@id":"https:\/\/www.laconsultoriadeasturias.es\/consultoria\/#breadcrumb"},"inLanguage":"en-US","potentialAction":[{"@type":"ReadAction","target":["https:\/\/www.laconsultoriadeasturias.es\/consultoria\/"]}]},{"@type":"ImageObject","inLanguage":"en-US","@id":"https:\/\/www.laconsultoriadeasturias.es\/consultoria\/#primaryimage","url":"https:\/\/www.laconsultoriadeasturias.es\/wp-content\/uploads\/2023\/10\/beautiful-woman-talking-on-phone-in-restaurant-2022-02-02-04-50-12-utc-1-scaled.jpg","contentUrl":"https:\/\/www.laconsultoriadeasturias.es\/wp-content\/uploads\/2023\/10\/beautiful-woman-talking-on-phone-in-restaurant-2022-02-02-04-50-12-utc-1-scaled.jpg","width":2276,"height":1200,"caption":"Attractive and beautiful woman talking on phone in restaurant"},{"@type":"BreadcrumbList","@id":"https:\/\/www.laconsultoriadeasturias.es\/consultoria\/#breadcrumb","itemListElement":[{"@type":"ListItem","position":1,"name":"Inicio","item":"https:\/\/www.laconsultoriadeasturias.es\/"},{"@type":"ListItem","position":2,"name":"Consultoria"}]},{"@type":"WebSite","@id":"https:\/\/www.laconsultoriadeasturias.es\/#website","url":"https:\/\/www.laconsultoriadeasturias.es\/","name":"La consultor\u00eda de Asturias","description":"Tu energia al mejor precio","publisher":{"@id":"https:\/\/www.laconsultoriadeasturias.es\/#organization"},"potentialAction":[{"@type":"SearchAction","target":{"@type":"EntryPoint","urlTemplate":"https:\/\/www.laconsultoriadeasturias.es\/?s={search_term_string}"},"query-input":{"@type":"PropertyValueSpecification","valueRequired":true,"valueName":"search_term_string"}}],"inLanguage":"en-US"},{"@type":"Organization","@id":"https:\/\/www.laconsultoriadeasturias.es\/#organization","name":"La consultor\u00eda de Asturias","url":"https:\/\/www.laconsultoriadeasturias.es\/","logo":{"@type":"ImageObject","inLanguage":"en-US","@id":"https:\/\/www.laconsultoriadeasturias.es\/#\/schema\/logo\/image\/","url":"https:\/\/www.laconsultoriadeasturias.es\/wp-content\/uploads\/2023\/03\/logo-consultoria.svg","contentUrl":"https:\/\/www.laconsultoriadeasturias.es\/wp-content\/uploads\/2023\/03\/logo-consultoria.svg","width":756,"height":691,"caption":"La consultor\u00eda de Asturias"},"image":{"@id":"https:\/\/www.laconsultoriadeasturias.es\/#\/schema\/logo\/image\/"}}]}},"_links":{"self":[{"href":"https:\/\/www.laconsultoriadeasturias.es\/en\/wp-json\/wp\/v2\/pages\/450","targetHints":{"allow":["GET"]}}],"collection":[{"href":"https:\/\/www.laconsultoriadeasturias.es\/en\/wp-json\/wp\/v2\/pages"}],"about":[{"href":"https:\/\/www.laconsultoriadeasturias.es\/en\/wp-json\/wp\/v2\/types\/page"}],"author":[{"embeddable":true,"href":"https:\/\/www.laconsultoriadeasturias.es\/en\/wp-json\/wp\/v2\/users\/4"}],"replies":[{"embeddable":true,"href":"https:\/\/www.laconsultoriadeasturias.es\/en\/wp-json\/wp\/v2\/comments?post=450"}],"version-history":[{"count":5,"href":"https:\/\/www.laconsultoriadeasturias.es\/en\/wp-json\/wp\/v2\/pages\/450\/revisions"}],"predecessor-version":[{"id":1401,"href":"https:\/\/www.laconsultoriadeasturias.es\/en\/wp-json\/wp\/v2\/pages\/450\/revisions\/1401"}],"wp:featuredmedia":[{"embeddable":true,"href":"https:\/\/www.laconsultoriadeasturias.es\/en\/wp-json\/wp\/v2\/media\/1335"}],"wp:attachment":[{"href":"https:\/\/www.laconsultoriadeasturias.es\/en\/wp-json\/wp\/v2\/media?parent=450"}],"curies":[{"name":"wp","href":"https:\/\/api.w.org\/{rel}","templated":true}]}}