{"id":1184,"date":"2023-10-04T18:48:54","date_gmt":"2023-10-04T16:48:54","guid":{"rendered":"https:\/\/www.laconsultoriadeasturias.es\/?page_id=1184"},"modified":"2023-12-03T16:42:06","modified_gmt":"2023-12-03T15:42:06","slug":"ten-un-amigo","status":"publish","type":"page","link":"https:\/\/www.laconsultoriadeasturias.es\/en\/have-a-friend\/","title":{"rendered":"have a friend"},"content":{"rendered":"<div data-elementor-type=\"wp-page\" data-elementor-id=\"1184\" class=\"elementor elementor-1184\" data-elementor-post-type=\"page\">\n\t\t\t\t\t\t<section class=\"elementor-section elementor-top-section elementor-element elementor-element-86bbfd4 elementor-section-full_width elementor-section-height-default elementor-section-height-default\" data-id=\"86bbfd4\" data-element_type=\"section\">\n\t\t\t\t\t\t<div class=\"elementor-container elementor-column-gap-default\">\n\t\t\t\t\t<div class=\"elementor-column elementor-col-100 elementor-top-column elementor-element elementor-element-1d97d32\" data-id=\"1d97d32\" data-element_type=\"column\">\n\t\t\t<div class=\"elementor-widget-wrap elementor-element-populated\">\n\t\t\t\t\t\t<div class=\"elementor-element elementor-element-07b7b33 elementor-widget__width-auto elementor-mobile-align-center elementor-widget-mobile__width-auto elementor-widget elementor-widget-breadcrumbs\" data-id=\"07b7b33\" data-element_type=\"widget\" data-widget_type=\"breadcrumbs.default\">\n\t\t\t\t<div class=\"elementor-widget-container\">\n\t\t\t\t\t<p id=\"breadcrumbs\"><span><span><a href=\"https:\/\/www.laconsultoriadeasturias.es\/en\">Start<\/a><\/span><\/span><\/p>\t\t\t\t<\/div>\n\t\t\t\t<\/div>\n\t\t\t\t<div class=\"elementor-element elementor-element-141a501 elementor-invisible elementor-widget elementor-widget-heading\" data-id=\"141a501\" data-element_type=\"widget\" data-settings=\"{&quot;_animation&quot;:&quot;fadeInUp&quot;}\" data-widget_type=\"heading.default\">\n\t\t\t\t<div class=\"elementor-widget-container\">\n\t\t\t\t\t<h1 class=\"elementor-heading-title elementor-size-default\">have a friend<\/h1>\t\t\t\t<\/div>\n\t\t\t\t<\/div>\n\t\t\t\t<div class=\"elementor-element elementor-element-524db08 elementor-widget-divider--view-line elementor-widget elementor-widget-divider\" data-id=\"524db08\" data-element_type=\"widget\" data-widget_type=\"divider.default\">\n\t\t\t\t<div class=\"elementor-widget-container\">\n\t\t\t\t\t\t\t<div class=\"elementor-divider\">\n\t\t\t<span class=\"elementor-divider-separator\">\n\t\t\t\t\t\t<\/span>\n\t\t<\/div>\n\t\t\t\t\t\t<\/div>\n\t\t\t\t<\/div>\n\t\t\t\t\t<\/div>\n\t\t<\/div>\n\t\t\t\t\t<\/div>\n\t\t<\/section>\n\t\t\t\t<section class=\"elementor-section elementor-top-section elementor-element elementor-element-b2a0f46 elementor-section-boxed elementor-section-height-default elementor-section-height-default\" data-id=\"b2a0f46\" data-element_type=\"section\">\n\t\t\t\t\t\t<div class=\"elementor-container elementor-column-gap-default\">\n\t\t\t\t\t<div class=\"elementor-column elementor-col-100 elementor-top-column elementor-element elementor-element-00ca23c\" data-id=\"00ca23c\" data-element_type=\"column\">\n\t\t\t<div class=\"elementor-widget-wrap elementor-element-populated\">\n\t\t\t\t\t\t<div class=\"elementor-element elementor-element-03b3189 elementor-widget elementor-widget-text-editor\" data-id=\"03b3189\" data-element_type=\"widget\" data-widget_type=\"text-editor.default\">\n\t\t\t\t<div class=\"elementor-widget-container\">\n\t\t\t\t\t\t\t\t\t<p class=\"p1\" style=\"text-align: center;\"><span style=\"color: var( --e-global-color-text ); font-family: var( --e-global-typography-text-font-family ), Sans-serif; font-size: var( --e-global-typography-text-font-size );\"><b>Oscar Garcia Reyes<\/b><\/span><span style=\"color: var( --e-global-color-text ); font-family: var( --e-global-typography-text-font-family ), Sans-serif; font-size: var( --e-global-typography-text-font-size ); font-weight: var( --e-global-typography-text-font-weight );\"> is the creator of <\/span><span style=\"color: var( --e-global-color-text ); font-family: var( --e-global-typography-text-font-family ), Sans-serif; font-size: var( --e-global-typography-text-font-size );\"><b>l<\/b><\/span><span style=\"color: var( --e-global-color-text ); font-family: var( --e-global-typography-text-font-family ), Sans-serif; font-size: var( --e-global-typography-text-font-size );\"><b>to Asturias Consulting<br \/><\/b><\/span><span style=\"color: var( --e-global-color-text ); font-family: var( --e-global-typography-text-font-family ), Sans-serif; font-size: var( --e-global-typography-text-font-size ); font-weight: var( --e-global-typography-text-font-weight );\">After seven years in the sector he decided to create the Consulting. In this video he tells you why he decided to create this company.<\/span><\/p>\t\t\t\t\t\t\t\t<\/div>\n\t\t\t\t<\/div>\n\t\t\t\t\t<\/div>\n\t\t<\/div>\n\t\t\t\t\t<\/div>\n\t\t<\/section>\n\t\t\t\t<section class=\"elementor-section elementor-top-section elementor-element elementor-element-d04aaf0 elementor-section-boxed elementor-section-height-default elementor-section-height-default\" data-id=\"d04aaf0\" data-element_type=\"section\">\n\t\t\t\t\t\t<div class=\"elementor-container elementor-column-gap-default\">\n\t\t\t\t\t<div class=\"elementor-column elementor-col-100 elementor-top-column elementor-element elementor-element-948ad30\" data-id=\"948ad30\" data-element_type=\"column\">\n\t\t\t<div class=\"elementor-widget-wrap elementor-element-populated\">\n\t\t\t\t\t\t<div class=\"elementor-element elementor-element-41a7334 elementor-widget elementor-widget-video\" data-id=\"41a7334\" data-element_type=\"widget\" data-widget_type=\"video.default\">\n\t\t\t\t<div class=\"elementor-widget-container\">\n\t\t\t\t\t\t\t<div class=\"elementor-wrapper elementor-open-inline\">\n\t\t\t<div class=\"elementor-video\"><div class=\"BorlabsCookie _brlbs-cb-youtube\"><div class=\"_brlbs-content-blocker\"> <div class=\"_brlbs-embed _brlbs-video-youtube\"> <img decoding=\"async\" class=\"_brlbs-thumbnail\" src=\"https:\/\/www.laconsultoriadeasturias.es\/wp-content\/plugins\/borlabs-cookie\/assets\/images\/cb-no-thumbnail.png\" alt=\"Youtube\"> <div class=\"_brlbs-caption\"> <p>By uploading the video, you agree to YouTube&#039;s privacy policy.<br><a href=\"https:\/\/policies.google.com\/privacy?hl=en&gl=en\" target=\"_blank\" rel=\"nofollow noopener noreferrer\">More information<\/a><\/p> <p><a class=\"_brlbs-btn _brlbs-icon-play-white\" href=\"#\" data-borlabs-cookie-unblock role=\"button\">Upload video<\/a><\/p> <p><label><input type=\"checkbox\" name=\"unblockAll\" value=\"1\" checked> <small>Always unblock YouTube<\/small><\/label><\/p> <\/div> <\/div> <\/div><div class=\"borlabs-hide\" data-borlabs-cookie-type=\"content-blocker\" data-borlabs-cookie-id=\"youtube\"><script type=\"text\/template\">PGRpdiBjbGFzcz0iX2JybGJzLWZsdWlkLXdpZHRoLXZpZGVvLXdyYXBwZXIiPjwvZGl2Pg==<\/script><\/div><\/div><\/div>\t\t<\/div>\n\t\t\t\t\t\t<\/div>\n\t\t\t\t<\/div>\n\t\t\t\t<div class=\"elementor-element elementor-element-8bd037f elementor-widget elementor-widget-spacer\" data-id=\"8bd037f\" data-element_type=\"widget\" data-widget_type=\"spacer.default\">\n\t\t\t\t<div class=\"elementor-widget-container\">\n\t\t\t\t\t\t\t<div class=\"elementor-spacer\">\n\t\t\t<div class=\"elementor-spacer-inner\"><\/div>\n\t\t<\/div>\n\t\t\t\t\t\t<\/div>\n\t\t\t\t<\/div>\n\t\t\t\t\t<\/div>\n\t\t<\/div>\n\t\t\t\t\t<\/div>\n\t\t<\/section>\n\t\t\t\t<section class=\"elementor-section elementor-top-section elementor-element elementor-element-31a4540 elementor-section-boxed elementor-section-height-default elementor-section-height-default\" data-id=\"31a4540\" data-element_type=\"section\">\n\t\t\t\t\t\t<div class=\"elementor-container elementor-column-gap-default\">\n\t\t\t\t\t<div class=\"elementor-column elementor-col-100 elementor-top-column elementor-element elementor-element-9bc894f\" data-id=\"9bc894f\" data-element_type=\"column\">\n\t\t\t<div class=\"elementor-widget-wrap elementor-element-populated\">\n\t\t\t\t\t\t<div class=\"elementor-element elementor-element-7b6fb3a elementor-align-center elementor-widget elementor-widget-button\" data-id=\"7b6fb3a\" data-element_type=\"widget\" data-widget_type=\"button.default\">\n\t\t\t\t<div class=\"elementor-widget-container\">\n\t\t\t\t\t\t\t\t\t<div class=\"elementor-button-wrapper\">\n\t\t\t\t\t<a class=\"elementor-button elementor-button-link elementor-size-sm\" href=\"https:\/\/www.laconsultoriadeasturias.es\/en\/contact\/\">\n\t\t\t\t\t\t<span class=\"elementor-button-content-wrapper\">\n\t\t\t\t\t\t\t\t\t<span class=\"elementor-button-text\">Ask for information<\/span>\n\t\t\t\t\t<\/span>\n\t\t\t\t\t<\/a>\n\t\t\t\t<\/div>\n\t\t\t\t\t\t\t\t<\/div>\n\t\t\t\t<\/div>\n\t\t\t\t\t<\/div>\n\t\t<\/div>\n\t\t\t\t\t<\/div>\n\t\t<\/section>\n\t\t\t\t<\/div>","protected":false},"excerpt":{"rendered":"<p>Have a friend \u00d3scar Garc\u00eda Reyes is the creator of La Consultor\u00eda de Asturias. After seven years in the sector he decided to create the Consultancy. In this video he tells you why he decided to create this company. https:\/\/youtu.be\/WBPVefUUycw?si=QzI_zpyOqvC25oXu Request information<\/p>","protected":false},"author":4,"featured_media":1332,"parent":0,"menu_order":2,"comment_status":"closed","ping_status":"closed","template":"","meta":{"_joinchat":[],"footnotes":""},"class_list":["post-1184","page","type-page","status-publish","has-post-thumbnail","hentry"],"yoast_head":"<!-- This site is optimized with the Yoast SEO plugin v24.4 - https:\/\/yoast.com\/wordpress\/plugins\/seo\/ -->\n<title>Ten un amigo | La consultor\u00eda de Asturias<\/title>\n<meta name=\"description\" content=\"Somos una consultor\u00eda de energ\u00eda que ha nacido para defender tus intereses.\" \/>\n<meta name=\"robots\" content=\"index, follow, max-snippet:-1, max-image-preview:large, max-video-preview:-1\" \/>\n<link rel=\"canonical\" href=\"https:\/\/www.laconsultoriadeasturias.es\/en\/have-a-friend\/\" \/>\n<meta property=\"og:locale\" content=\"en_US\" \/>\n<meta property=\"og:type\" content=\"article\" \/>\n<meta property=\"og:title\" content=\"Ten un amigo | La consultor\u00eda de Asturias\" \/>\n<meta property=\"og:description\" content=\"Somos una consultor\u00eda de energ\u00eda que ha nacido para defender tus intereses.\" \/>\n<meta property=\"og:url\" content=\"https:\/\/www.laconsultoriadeasturias.es\/en\/have-a-friend\/\" \/>\n<meta property=\"og:site_name\" content=\"La consultor\u00eda de Asturias\" \/>\n<meta property=\"article:modified_time\" content=\"2023-12-03T15:42:06+00:00\" \/>\n<meta property=\"og:image\" content=\"https:\/\/www.laconsultoriadeasturias.es\/wp-content\/uploads\/2023\/10\/little-superhero-2021-08-26-18-27-10-utc-scaled.jpg\" \/>\n\t<meta property=\"og:image:width\" content=\"1920\" \/>\n\t<meta property=\"og:image:height\" content=\"1280\" \/>\n\t<meta property=\"og:image:type\" content=\"image\/jpeg\" \/>\n<meta name=\"twitter:card\" content=\"summary_large_image\" \/>\n<script type=\"application\/ld+json\" class=\"yoast-schema-graph\">{\"@context\":\"https:\/\/schema.org\",\"@graph\":[{\"@type\":\"WebPage\",\"@id\":\"https:\/\/www.laconsultoriadeasturias.es\/ten-un-amigo\/\",\"url\":\"https:\/\/www.laconsultoriadeasturias.es\/ten-un-amigo\/\",\"name\":\"Ten un amigo | La consultor\u00eda de Asturias\",\"isPartOf\":{\"@id\":\"https:\/\/www.laconsultoriadeasturias.es\/#website\"},\"primaryImageOfPage\":{\"@id\":\"https:\/\/www.laconsultoriadeasturias.es\/ten-un-amigo\/#primaryimage\"},\"image\":{\"@id\":\"https:\/\/www.laconsultoriadeasturias.es\/ten-un-amigo\/#primaryimage\"},\"thumbnailUrl\":\"https:\/\/www.laconsultoriadeasturias.es\/wp-content\/uploads\/2023\/10\/little-superhero-2021-08-26-18-27-10-utc-scaled.jpg\",\"datePublished\":\"2023-10-04T16:48:54+00:00\",\"dateModified\":\"2023-12-03T15:42:06+00:00\",\"description\":\"Somos una consultor\u00eda de energ\u00eda que ha nacido para defender tus intereses.\",\"breadcrumb\":{\"@id\":\"https:\/\/www.laconsultoriadeasturias.es\/ten-un-amigo\/#breadcrumb\"},\"inLanguage\":\"en-US\",\"potentialAction\":[{\"@type\":\"ReadAction\",\"target\":[\"https:\/\/www.laconsultoriadeasturias.es\/ten-un-amigo\/\"]}]},{\"@type\":\"ImageObject\",\"inLanguage\":\"en-US\",\"@id\":\"https:\/\/www.laconsultoriadeasturias.es\/ten-un-amigo\/#primaryimage\",\"url\":\"https:\/\/www.laconsultoriadeasturias.es\/wp-content\/uploads\/2023\/10\/little-superhero-2021-08-26-18-27-10-utc-scaled.jpg\",\"contentUrl\":\"https:\/\/www.laconsultoriadeasturias.es\/wp-content\/uploads\/2023\/10\/little-superhero-2021-08-26-18-27-10-utc-scaled.jpg\",\"width\":1920,\"height\":1280,\"caption\":\"Closeup portrait of a nice little superhero over blue sky background, a cheerful child wearing superman mask and cape, happy childhood concept\"},{\"@type\":\"BreadcrumbList\",\"@id\":\"https:\/\/www.laconsultoriadeasturias.es\/ten-un-amigo\/#breadcrumb\",\"itemListElement\":[{\"@type\":\"ListItem\",\"position\":1,\"name\":\"Inicio\",\"item\":\"https:\/\/www.laconsultoriadeasturias.es\/\"},{\"@type\":\"ListItem\",\"position\":2,\"name\":\"Ten un amigo\"}]},{\"@type\":\"WebSite\",\"@id\":\"https:\/\/www.laconsultoriadeasturias.es\/#website\",\"url\":\"https:\/\/www.laconsultoriadeasturias.es\/\",\"name\":\"La consultor\u00eda de Asturias\",\"description\":\"Tu energia al mejor precio\",\"publisher\":{\"@id\":\"https:\/\/www.laconsultoriadeasturias.es\/#organization\"},\"potentialAction\":[{\"@type\":\"SearchAction\",\"target\":{\"@type\":\"EntryPoint\",\"urlTemplate\":\"https:\/\/www.laconsultoriadeasturias.es\/?s={search_term_string}\"},\"query-input\":{\"@type\":\"PropertyValueSpecification\",\"valueRequired\":true,\"valueName\":\"search_term_string\"}}],\"inLanguage\":\"en-US\"},{\"@type\":\"Organization\",\"@id\":\"https:\/\/www.laconsultoriadeasturias.es\/#organization\",\"name\":\"La consultor\u00eda de Asturias\",\"url\":\"https:\/\/www.laconsultoriadeasturias.es\/\",\"logo\":{\"@type\":\"ImageObject\",\"inLanguage\":\"en-US\",\"@id\":\"https:\/\/www.laconsultoriadeasturias.es\/#\/schema\/logo\/image\/\",\"url\":\"https:\/\/www.laconsultoriadeasturias.es\/wp-content\/uploads\/2023\/03\/logo-consultoria.svg\",\"contentUrl\":\"https:\/\/www.laconsultoriadeasturias.es\/wp-content\/uploads\/2023\/03\/logo-consultoria.svg\",\"width\":756,\"height\":691,\"caption\":\"La consultor\u00eda de Asturias\"},\"image\":{\"@id\":\"https:\/\/www.laconsultoriadeasturias.es\/#\/schema\/logo\/image\/\"}}]}<\/script>\n<!-- \/ Yoast SEO plugin. -->","yoast_head_json":{"title":"Ten un amigo | La consultor\u00eda de Asturias","description":"Somos una consultor\u00eda de energ\u00eda que ha nacido para defender tus intereses.","robots":{"index":"index","follow":"follow","max-snippet":"max-snippet:-1","max-image-preview":"max-image-preview:large","max-video-preview":"max-video-preview:-1"},"canonical":"https:\/\/www.laconsultoriadeasturias.es\/en\/have-a-friend\/","og_locale":"en_US","og_type":"article","og_title":"Ten un amigo | La consultor\u00eda de Asturias","og_description":"Somos una consultor\u00eda de energ\u00eda que ha nacido para defender tus intereses.","og_url":"https:\/\/www.laconsultoriadeasturias.es\/en\/have-a-friend\/","og_site_name":"La consultor\u00eda de Asturias","article_modified_time":"2023-12-03T15:42:06+00:00","og_image":[{"width":1920,"height":1280,"url":"https:\/\/www.laconsultoriadeasturias.es\/wp-content\/uploads\/2023\/10\/little-superhero-2021-08-26-18-27-10-utc-scaled.jpg","type":"image\/jpeg"}],"twitter_card":"summary_large_image","schema":{"@context":"https:\/\/schema.org","@graph":[{"@type":"WebPage","@id":"https:\/\/www.laconsultoriadeasturias.es\/ten-un-amigo\/","url":"https:\/\/www.laconsultoriadeasturias.es\/ten-un-amigo\/","name":"Ten un amigo | La consultor\u00eda de Asturias","isPartOf":{"@id":"https:\/\/www.laconsultoriadeasturias.es\/#website"},"primaryImageOfPage":{"@id":"https:\/\/www.laconsultoriadeasturias.es\/ten-un-amigo\/#primaryimage"},"image":{"@id":"https:\/\/www.laconsultoriadeasturias.es\/ten-un-amigo\/#primaryimage"},"thumbnailUrl":"https:\/\/www.laconsultoriadeasturias.es\/wp-content\/uploads\/2023\/10\/little-superhero-2021-08-26-18-27-10-utc-scaled.jpg","datePublished":"2023-10-04T16:48:54+00:00","dateModified":"2023-12-03T15:42:06+00:00","description":"Somos una consultor\u00eda de energ\u00eda que ha nacido para defender tus intereses.","breadcrumb":{"@id":"https:\/\/www.laconsultoriadeasturias.es\/ten-un-amigo\/#breadcrumb"},"inLanguage":"en-US","potentialAction":[{"@type":"ReadAction","target":["https:\/\/www.laconsultoriadeasturias.es\/ten-un-amigo\/"]}]},{"@type":"ImageObject","inLanguage":"en-US","@id":"https:\/\/www.laconsultoriadeasturias.es\/ten-un-amigo\/#primaryimage","url":"https:\/\/www.laconsultoriadeasturias.es\/wp-content\/uploads\/2023\/10\/little-superhero-2021-08-26-18-27-10-utc-scaled.jpg","contentUrl":"https:\/\/www.laconsultoriadeasturias.es\/wp-content\/uploads\/2023\/10\/little-superhero-2021-08-26-18-27-10-utc-scaled.jpg","width":1920,"height":1280,"caption":"Closeup portrait of a nice little superhero over blue sky background, a cheerful child wearing superman mask and cape, happy childhood concept"},{"@type":"BreadcrumbList","@id":"https:\/\/www.laconsultoriadeasturias.es\/ten-un-amigo\/#breadcrumb","itemListElement":[{"@type":"ListItem","position":1,"name":"Inicio","item":"https:\/\/www.laconsultoriadeasturias.es\/"},{"@type":"ListItem","position":2,"name":"Ten un amigo"}]},{"@type":"WebSite","@id":"https:\/\/www.laconsultoriadeasturias.es\/#website","url":"https:\/\/www.laconsultoriadeasturias.es\/","name":"La consultor\u00eda de Asturias","description":"Tu energia al mejor precio","publisher":{"@id":"https:\/\/www.laconsultoriadeasturias.es\/#organization"},"potentialAction":[{"@type":"SearchAction","target":{"@type":"EntryPoint","urlTemplate":"https:\/\/www.laconsultoriadeasturias.es\/?s={search_term_string}"},"query-input":{"@type":"PropertyValueSpecification","valueRequired":true,"valueName":"search_term_string"}}],"inLanguage":"en-US"},{"@type":"Organization","@id":"https:\/\/www.laconsultoriadeasturias.es\/#organization","name":"La consultor\u00eda de Asturias","url":"https:\/\/www.laconsultoriadeasturias.es\/","logo":{"@type":"ImageObject","inLanguage":"en-US","@id":"https:\/\/www.laconsultoriadeasturias.es\/#\/schema\/logo\/image\/","url":"https:\/\/www.laconsultoriadeasturias.es\/wp-content\/uploads\/2023\/03\/logo-consultoria.svg","contentUrl":"https:\/\/www.laconsultoriadeasturias.es\/wp-content\/uploads\/2023\/03\/logo-consultoria.svg","width":756,"height":691,"caption":"La consultor\u00eda de Asturias"},"image":{"@id":"https:\/\/www.laconsultoriadeasturias.es\/#\/schema\/logo\/image\/"}}]}},"_links":{"self":[{"href":"https:\/\/www.laconsultoriadeasturias.es\/en\/wp-json\/wp\/v2\/pages\/1184","targetHints":{"allow":["GET"]}}],"collection":[{"href":"https:\/\/www.laconsultoriadeasturias.es\/en\/wp-json\/wp\/v2\/pages"}],"about":[{"href":"https:\/\/www.laconsultoriadeasturias.es\/en\/wp-json\/wp\/v2\/types\/page"}],"author":[{"embeddable":true,"href":"https:\/\/www.laconsultoriadeasturias.es\/en\/wp-json\/wp\/v2\/users\/4"}],"replies":[{"embeddable":true,"href":"https:\/\/www.laconsultoriadeasturias.es\/en\/wp-json\/wp\/v2\/comments?post=1184"}],"version-history":[{"count":5,"href":"https:\/\/www.laconsultoriadeasturias.es\/en\/wp-json\/wp\/v2\/pages\/1184\/revisions"}],"predecessor-version":[{"id":1472,"href":"https:\/\/www.laconsultoriadeasturias.es\/en\/wp-json\/wp\/v2\/pages\/1184\/revisions\/1472"}],"wp:featuredmedia":[{"embeddable":true,"href":"https:\/\/www.laconsultoriadeasturias.es\/en\/wp-json\/wp\/v2\/media\/1332"}],"wp:attachment":[{"href":"https:\/\/www.laconsultoriadeasturias.es\/en\/wp-json\/wp\/v2\/media?parent=1184"}],"curies":[{"name":"wp","href":"https:\/\/api.w.org\/{rel}","templated":true}]}}